{"id":13490,"date":"2021-12-05T02:29:25","date_gmt":"2021-12-05T01:29:25","guid":{"rendered":"https:\/\/stularplus.com\/laczniki-v-100-mm\/"},"modified":"2026-01-05T10:10:04","modified_gmt":"2026-01-05T09:10:04","slug":"laczniki-v-100-mm","status":"publish","type":"product","link":"https:\/\/stularplus.com\/pl\/laczniki-v-100-mm\/","title":{"rendered":"\u0141\u0105czniki V 100 mm"},"content":{"rendered":"<p>Korzystanie z <strong>systemu zapi\u0119\u0107 V-TOOL firmy Avery Dennison<\/strong> to:<\/p>\n<p><strong>Wydajno\u015b\u0107:<\/strong><br \/>\n&#8211; zmniejsza koszty pracy<br \/>\n&#8211; obs\u0142uga jedn\u0105 r\u0119k\u0105 pozwala na swobodne operowanie drug\u0105 r\u0119k\u0105<br \/>\n&#8211; znakuje 50 element\u00f3w jednym klipem<br \/>\n&#8211; zmniejsza zm\u0119czenie zwi\u0105zane z r\u0119cznym mocowaniem<br \/>\n&#8211; lekka i ergonomiczna konstrukcja V-TOOL zapewnia komfort u\u017cytkowania<\/p>\n<p><strong>Zabezpieczenie przed manipulacj\u0105:<\/strong><br \/>\n&#8211; \u0142\u0105cznika nie mo\u017cna usun\u0105\u0107 bez zniszczenia p\u0119tli lub uszkodzenia metek<\/p>\n<p><strong>Trwa\u0142o\u015b\u0107:<\/strong><br \/>\n&#8211; wewn\u0119trzna konstrukcja mechaniczna V-TOOL zapobiega zacinaniu i zapewnia d\u0142ug\u0105, niezawodn\u0105 \u017cywotno\u015b\u0107<\/p>\n<p>Nowy <strong>system zapi\u0119\u0107 V-Tool firmy Avery Dennison<\/strong> skutecznie nak\u0142ada <strong>metki<\/strong> z zapi\u0119ciem p\u0119tlowym bez perforowania materia\u0142u. Zamiast tego system posiada podw\u00f3jny aplikator z haczykiem i uchwytem na metki, kt\u00f3ry spe\u0142nia potrzeby mocowania metek do r\u00f3\u017cnych przedmiot\u00f3w. <\/p>\n<p>Aplikator z haczykiem owijany jest wok\u00f3\u0142 wybranych obszar\u00f3w docelowych przedmiot\u00f3w, stosowany do <strong>znakowania pask\u00f3w<\/strong>, <strong>torebek<\/strong>, <strong>portfeli<\/strong>, <strong>okular\u00f3w przeciws\u0142onecznych<\/strong> itp. <strong>Linki V-tool<\/strong> nie mog\u0105 zosta\u0107 usuni\u0119te bez zniszczenia p\u0119tli lub uszkodzenia metek. <\/p>\n<p>U\u017cywaj <strong>systemu V-TOOL<\/strong>, gdy nie chcesz perforowa\u0107 i uszkadza\u0107 materia\u0142\u00f3w.<\/p>\n<p>Jedno opakowanie zawiera 5000 linek.<\/p>\n<p><strong>Cena za pude\u0142ko (5000 szt.)<br \/>\n<\/strong><\/p>\n","protected":false},"excerpt":{"rendered":"<p><b>Linki V-Tool 100 mm<\/b> \u2013 do znakowania produkt\u00f3w za pomoc\u0105 V-Tool. <b>Zmniejsza koszty pracy<\/b>. System V-TOOL pozwala unikn\u0105\u0107 perforacji i uszkodzenia materia\u0142\u00f3w. Cena za pude\u0142ko 5000 linek.  <\/p>\n","protected":false},"featured_media":13494,"template":"","meta":[],"product_cat":[360],"product_tag":[],"_links":{"self":[{"href":"https:\/\/stularplus.com\/pl\/wp-json\/wp\/v2\/product\/13490"}],"collection":[{"href":"https:\/\/stularplus.com\/pl\/wp-json\/wp\/v2\/product"}],"about":[{"href":"https:\/\/stularplus.com\/pl\/wp-json\/wp\/v2\/types\/product"}],"wp:featuredmedia":[{"embeddable":true,"href":"https:\/\/stularplus.com\/pl\/wp-json\/wp\/v2\/media\/13494"}],"wp:attachment":[{"href":"https:\/\/stularplus.com\/pl\/wp-json\/wp\/v2\/media?parent=13490"}],"wp:term":[{"taxonomy":"product_cat","embeddable":true,"href":"https:\/\/stularplus.com\/pl\/wp-json\/wp\/v2\/product_cat?post=13490"},{"taxonomy":"product_tag","embeddable":true,"href":"https:\/\/stularplus.com\/pl\/wp-json\/wp\/v2\/product_tag?post=13490"}],"curies":[{"name":"wp","href":"https:\/\/api.w.org\/{rel}","templated":true}]}}