{"id":13511,"date":"2021-12-05T02:29:25","date_gmt":"2021-12-05T01:29:25","guid":{"rendered":"https:\/\/stularplus.com\/zapiecia-v-130-mm\/"},"modified":"2026-01-05T10:10:08","modified_gmt":"2026-01-05T09:10:08","slug":"zapiecia-v-130-mm","status":"publish","type":"product","link":"https:\/\/stularplus.com\/pl\/zapiecia-v-130-mm\/","title":{"rendered":"Zapi\u0119cia V 130 mm"},"content":{"rendered":"<div class=\"elementor-element elementor-element-93a7a1e elementor-widget elementor-widget-woocommerce-product-content\" data-id=\"93a7a1e\" data-element_type=\"widget\" data-widget_type=\"woocommerce-product-content.default\">\n<div class=\"elementor-widget-container\">\n<p>Korzystanie z <strong>systemu zapi\u0119\u0107 V-TOOL firmy Avery Dennison<\/strong> to:<\/p>\n<p><strong>Produktywno\u015b\u0107:<\/strong><br \/>\n\u2013 obni\u017ca koszty pracy<br \/>\n\u2013 obs\u0142uga jedn\u0105 r\u0119k\u0105 pozostawia drug\u0105 r\u0119k\u0119 woln\u0105 do chwytania i znakowania wybranego przedmiotu<br \/>\n\u2013 znakuje 50 przedmiot\u00f3w jednym zapi\u0119ciem<br \/>\n\u2013 zmniejsza zm\u0119czenie operatora zwi\u0105zane z r\u0119cznym nak\u0142adaniem zapi\u0119\u0107<br \/>\n\u2013 lekka i ergonomiczna konstrukcja V-TOOL zapewnia komfort u\u017cytkowania<\/p>\n<p><strong>Zabezpieczenie przed manipulacj\u0105:<\/strong><br \/>\n\u2013 zapi\u0119cie nie mo\u017ce zosta\u0107 usuni\u0119te bez zniszczenia p\u0119tli lub uszkodzenia metek<\/p>\n<p><strong>Trwa\u0142o\u015b\u0107:<\/strong><br \/>\n\u2013 wewn\u0119trzna konstrukcja mechaniczna V-TOOL zapobiega zakleszczeniom i zapewnia d\u0142ug\u0105, niezawodn\u0105 \u017cywotno\u015b\u0107<\/p>\n<p>Nowy <strong>system zapi\u0119\u0107 V-Tool firmy Avery Dennison<\/strong> skutecznie nak\u0142ada <strong>metki<\/strong> z zapi\u0119ciem p\u0119tlowym bez perforowania materia\u0142u. Zamiast tego system posiada podw\u00f3jny aplikator z haczykiem i uchwytem na metki, kt\u00f3ry spe\u0142nia potrzeby mocowania metek do r\u00f3\u017cnych przedmiot\u00f3w. <\/p>\n<p>Aplikator z haczykiem owijany jest wok\u00f3\u0142 wybranych obszar\u00f3w docelowych przedmiot\u00f3w, stosowany do <strong>znakowania pask\u00f3w<\/strong>, <strong>torebek<\/strong>, <strong>portfeli<\/strong>, <strong>okular\u00f3w przeciws\u0142onecznych<\/strong> itp. <strong>Linki V-tool<\/strong> nie mog\u0105 zosta\u0107 usuni\u0119te bez zniszczenia p\u0119tli lub uszkodzenia metek. <\/p>\n<p>U\u017cywaj <strong>systemu V-TOOL<\/strong>, gdy nie chcesz perforowa\u0107 i uszkadza\u0107 materia\u0142\u00f3w.<\/p>\n<p>Jedno opakowanie zawiera 5000 linek.<\/p>\n<p><strong>Cena za opakowanie.<\/strong><\/p>\n<\/div>\n<\/div>\n","protected":false},"excerpt":{"rendered":"<div class=\"shortText\"><b>Linki V-Tool 130 mm<\/b> \u2013 do znakowania produkt\u00f3w za pomoc\u0105 V-Tool. <b>Obni\u017ca koszty pracy<\/b>. U\u017cywaj systemu V-TOOL, gdy nie chcesz perforowa\u0107 i uszkadza\u0107 materia\u0142\u00f3w. Cena za opakowanie 5000 linek.   <b><br \/>\n<\/b><\/div>\n","protected":false},"featured_media":13518,"template":"","meta":[],"product_cat":[360],"product_tag":[],"_links":{"self":[{"href":"https:\/\/stularplus.com\/pl\/wp-json\/wp\/v2\/product\/13511"}],"collection":[{"href":"https:\/\/stularplus.com\/pl\/wp-json\/wp\/v2\/product"}],"about":[{"href":"https:\/\/stularplus.com\/pl\/wp-json\/wp\/v2\/types\/product"}],"wp:featuredmedia":[{"embeddable":true,"href":"https:\/\/stularplus.com\/pl\/wp-json\/wp\/v2\/media\/13518"}],"wp:attachment":[{"href":"https:\/\/stularplus.com\/pl\/wp-json\/wp\/v2\/media?parent=13511"}],"wp:term":[{"taxonomy":"product_cat","embeddable":true,"href":"https:\/\/stularplus.com\/pl\/wp-json\/wp\/v2\/product_cat?post=13511"},{"taxonomy":"product_tag","embeddable":true,"href":"https:\/\/stularplus.com\/pl\/wp-json\/wp\/v2\/product_tag?post=13511"}],"curies":[{"name":"wp","href":"https:\/\/api.w.org\/{rel}","templated":true}]}}