{"id":13517,"date":"2021-12-05T02:29:25","date_gmt":"2021-12-05T01:29:25","guid":{"rendered":"https:\/\/stularplus.com\/20mm-delikatne-tkaniny-pranie-chemiczne-ny\/"},"modified":"2026-01-05T10:10:09","modified_gmt":"2026-01-05T09:10:09","slug":"20mm-delikatne-tkaniny-pranie-chemiczne-ny","status":"publish","type":"product","link":"https:\/\/stularplus.com\/pl\/20mm-delikatne-tkaniny-pranie-chemiczne-ny\/","title":{"rendered":"20mm Delikatne Tkaniny Pranie Chemiczne NY"},"content":{"rendered":"<p><strong>Spinki nylonowe Fine 20 MM<\/strong> s\u0105 przeznaczone<strong> do znakowania produkt\u00f3w w pralniach chemicznych.<\/strong> Spinki s\u0105 wykonane z<strong> 100% nylonu<\/strong>, co zapewnia wyj\u0105tkow\u0105 wytrzyma\u0142o\u015b\u0107 i odporno\u015b\u0107.<\/p>\n<p>Specjalne spinki nylonowe s\u0105 stworzone, aby wytrzyma\u0107 wilgo\u0107 i ostre chemikalia wyst\u0119puj\u0105ce w procesie prania chemicznego. <strong>Delikatne spinki zapobiegaj\u0105 powstawaniu uszkodze\u0144 podczas ich usuwania<\/strong> oraz tworzeniu si\u0119 dziurek w tkaninach.<\/p>\n<p><strong>Zast\u0105p metalowe zszywki delikatnymi spinkami.<\/strong> Zapobiegaj uszkodzeniom ubra\u0144 i niezadowoleniu klient\u00f3w z powodu metalowych zszywek. U\u017cyj nylonowych spinek do prania chemicznego Avery Dennison! <\/p>\n<p>&#8211; Nie pozostawiaj\u0105 rdzawych \u015blad\u00f3w na ubraniach, jak to si\u0119 zdarza\u0142o w przypadku metalowych zszywek.<\/p>\n<p>&#8211; U\u017cycie tych spinek zapewnia najwy\u017csze bezpiecze\u0144stwo mocowania etykiet w pralniach i pralniach chemicznych<\/p>\n<p>&#8211; Stosowanie systemu &#8222;Dry Cleaning&#8221; zapobiega uszkodzeniom ubra\u0144 oddanych do czyszczenia, a klienci b\u0119d\u0105 jeszcze bardziej zadowoleni z Twojej us\u0142ugi<\/p>\n<p>&#8211; U\u017cycie delikatnego pistoletu do etykietowania z cie\u0144sz\u0105 ig\u0142\u0105 (Fine) zapewnia minimalny nak\u0142ucie w tkaninie, co jest oczywi\u015bcie konieczno\u015bci\u0105<\/p>\n<p><strong>\u0141\u0105czniki pakowane s\u0105 w pude\u0142kach po 10 000 sztuk.<\/strong><\/p>\n<p>\u0141\u0105czniki Avery Dennison Blue Box Standard s\u0105 <strong>kompatybilne ze wszystkimi pistoletami do metkowania typu FINE.<\/strong><\/p>\n<p>Zastosowanie: <strong>pralnie, pralnie chemiczne<\/strong><\/p>\n<p>Do pistolet\u00f3w typu: <strong>FINE<\/strong><\/p>\n<p>Avery Dennison, MKIII FINE FABRIC PG TOOL (10312)<\/p>\n<p>Kolor \u0142\u0105cznika: neutralny<\/p>\n<p>Materia\u0142: najlon<\/p>\n<p>D\u0142ugo\u015b\u0107 spinki: 20 mm<\/p>\n<p>Maks. wytrzyma\u0142o\u015b\u0107 spinki: 1,27 kg<\/p>\n<p>Ilo\u015b\u0107 spinek na magazynku: <strong>100 szt<\/strong><\/p>\n<p>Pakowanie: min. 10 000 \u0142\u0105cznik\u00f3w \/ pude\u0142ko<\/p>\n<p>100 000 \u0142\u0105cznik\u00f3w \/ karton<\/p>\n<p>Waga:<br \/>\n0,04 kg\/tysi\u0105c<\/p>\n","protected":false},"excerpt":{"rendered":"<p><b>20mm NY delikatne spinki do pralni chemicznych.<\/b> \u0141atwe znakowanie i \u015bledzenie produkt\u00f3w w pralniach chemicznych. Idealna alternatywa dla metalowych zszywek to specjalne spinki, kt\u00f3re nie uszkadzaj\u0105 tkaniny. Cena dotyczy pude\u0142ka (10 000 szt).  <\/p>\n","protected":false},"featured_media":13520,"template":"","meta":[],"product_cat":[390],"product_tag":[],"_links":{"self":[{"href":"https:\/\/stularplus.com\/pl\/wp-json\/wp\/v2\/product\/13517"}],"collection":[{"href":"https:\/\/stularplus.com\/pl\/wp-json\/wp\/v2\/product"}],"about":[{"href":"https:\/\/stularplus.com\/pl\/wp-json\/wp\/v2\/types\/product"}],"wp:featuredmedia":[{"embeddable":true,"href":"https:\/\/stularplus.com\/pl\/wp-json\/wp\/v2\/media\/13520"}],"wp:attachment":[{"href":"https:\/\/stularplus.com\/pl\/wp-json\/wp\/v2\/media?parent=13517"}],"wp:term":[{"taxonomy":"product_cat","embeddable":true,"href":"https:\/\/stularplus.com\/pl\/wp-json\/wp\/v2\/product_cat?post=13517"},{"taxonomy":"product_tag","embeddable":true,"href":"https:\/\/stularplus.com\/pl\/wp-json\/wp\/v2\/product_tag?post=13517"}],"curies":[{"name":"wp","href":"https:\/\/api.w.org\/{rel}","templated":true}]}}