{"id":13527,"date":"2021-12-05T02:29:25","date_gmt":"2021-12-05T01:29:25","guid":{"rendered":"https:\/\/stularplus.com\/zapiecia-7mm-fine-fabric-t-end-plus-ny\/"},"modified":"2026-01-05T10:10:18","modified_gmt":"2026-01-05T09:10:18","slug":"zapiecia-7mm-fine-fabric-t-end-plus-ny","status":"publish","type":"product","link":"https:\/\/stularplus.com\/pl\/zapiecia-7mm-fine-fabric-t-end-plus-ny\/","title":{"rendered":"Zapi\u0119cia 7mm Fine Fabric T-End PLUS NY"},"content":{"rendered":"<p><strong>Zapi\u0119cia T-END 7 MM s\u0105 wykonane w 100% z najlonu<\/strong>, co zapewnia wyj\u0105tkow\u0105 wytrzyma\u0142o\u015b\u0107 i odporno\u015b\u0107. Specjalne zapi\u0119cia najlonowe T-END s\u0105 wykonane bez \u0142opatki i s\u0105 idealne <strong>do oznaczania <\/strong>lub<strong> pakowania skarpet<\/strong> oraz innych wyrob\u00f3w tekstylnych. <\/p>\n<p>Zastosowanie pistoletu do etykietowania z cienk\u0105 ig\u0142\u0105 (Fine) zapewnia minimalny nak\u0142ucie skarpety, co jest oczywi\u015bcie konieczno\u015bci\u0105. Zapi\u0119cie T-end umo\u017cliwia idealne etykietowanie lub pakowanie jednej pary skarpet. <\/p>\n<p>\u0141\u0105czniki pakowane s\u0105 w pude\u0142kach po 10 000 sztuk.<\/p>\n<p>Zapi\u0119cia T s\u0105 mniej widoczne ni\u017c zwyk\u0142e zapi\u0119cia. U\u017cywa si\u0119 ich do oznaczania produkt\u00f3w i pakowania (np. skarpet). Wykonane z wytrzyma\u0142ego najlonu, kt\u00f3ry zapewnia mocne mocowanie. <strong>Zapi\u0119cia T zapewniaj\u0105 lepszy ko\u0144cowy wygl\u0105d produktu,<\/strong> co stanowi przewag\u0119 w por\u00f3wnaniu z innymi zapi\u0119ciami, kt\u00f3re maj\u0105 \u0142opatkowy koniec.  <\/p>\n<p>\u0141\u0105czniki Avery Dennison Blue Box Standard s\u0105 <strong>kompatybilne ze wszystkimi pistoletami do metkowania typu FINE.<\/strong><\/p>\n<p>Zastosowanie: <strong>pakowanie skarpet <\/strong>(cie\u0144szych)<\/p>\n<p>Do pistolet\u00f3w typu: <strong>FINE<\/strong><\/p>\n<p>Avery Dennison, MKIII FINE FABRIC PG TOOL (10312)<\/p>\n<p>Kolor \u0142\u0105cznika: neutralny<\/p>\n<p>Materia\u0142: najlon<\/p>\n<p>D\u0142ugo\u015b\u0107 zapi\u0119cia: 7 mm<\/p>\n<p>Maks. wytrzyma\u0142o\u015b\u0107 zapi\u0119cia: 1,58 kg<\/p>\n<p>Ilo\u015b\u0107 spinek na magazynku: <strong>100 szt<\/strong><\/p>\n<p>Pakowanie: min. 10 000 \u0142\u0105cznik\u00f3w \/ pude\u0142ko<\/p>\n<p>100 000 \u0142\u0105cznik\u00f3w \/ karton<\/p>\n<p>Waga: 0,02 kg\/tysi\u0105c<\/p>\n","protected":false},"excerpt":{"rendered":"<p><b>Zapi\u0119cia 7mm NY T-End Fine do oznaczania skarpet.<\/b>  Najwy\u017csza jako\u015b\u0107 najlonu zapewnia wytrzyma\u0142o\u015b\u0107 i odporno\u015b\u0107. Cena dotyczy pude\u0142ka (10.000 szt.). <\/p>\n","protected":false},"featured_media":13533,"template":"","meta":[],"product_cat":[391],"product_tag":[],"_links":{"self":[{"href":"https:\/\/stularplus.com\/pl\/wp-json\/wp\/v2\/product\/13527"}],"collection":[{"href":"https:\/\/stularplus.com\/pl\/wp-json\/wp\/v2\/product"}],"about":[{"href":"https:\/\/stularplus.com\/pl\/wp-json\/wp\/v2\/types\/product"}],"wp:featuredmedia":[{"embeddable":true,"href":"https:\/\/stularplus.com\/pl\/wp-json\/wp\/v2\/media\/13533"}],"wp:attachment":[{"href":"https:\/\/stularplus.com\/pl\/wp-json\/wp\/v2\/media?parent=13527"}],"wp:term":[{"taxonomy":"product_cat","embeddable":true,"href":"https:\/\/stularplus.com\/pl\/wp-json\/wp\/v2\/product_cat?post=13527"},{"taxonomy":"product_tag","embeddable":true,"href":"https:\/\/stularplus.com\/pl\/wp-json\/wp\/v2\/product_tag?post=13527"}],"curies":[{"name":"wp","href":"https:\/\/api.w.org\/{rel}","templated":true}]}}