{"id":13626,"date":"2021-12-05T02:29:28","date_gmt":"2021-12-05T01:29:28","guid":{"rendered":"https:\/\/stularplus.com\/czarne-mikrozapinki-44-mm\/"},"modified":"2026-01-05T10:11:29","modified_gmt":"2026-01-05T09:11:29","slug":"czarne-mikrozapinki-44-mm","status":"publish","type":"product","link":"https:\/\/stularplus.com\/pl\/czarne-mikrozapinki-44-mm\/","title":{"rendered":"Czarne mikrozapinki 4,4 mm"},"content":{"rendered":"<p>Wybierz <strong>nylonowe mikrozapinki<\/strong> &#8211; najmniejsze <strong>zapinki<\/strong> na rynku.<\/p>\n<p>Lepsza <strong>alternatywa dla nici<\/strong>, <strong>kleju<\/strong>, <strong>metalowych zszywek<\/strong> i <strong>pin\u00f3w<\/strong>.<br \/>\nOszcz\u0119dzaj czas, prac\u0119 i pieni\u0105dze dzi\u0119ki najmniejszym, najbardziej uniwersalnym <strong>zapi\u0119ciom Swiftach<\/strong> <strong>firmy<\/strong> Avery Dennison.<\/p>\n<p>Ig\u0142a o ma\u0142ej \u015brednicy dostarcza unikalne <strong>zapi\u0119cie T-End<\/strong>, kt\u00f3re mocuje przedmioty szybko i pewnie, a jednocze\u015bnie \u0142atwo si\u0119 usuwa.<\/p>\n<p>Idealne do <strong>pakowania koszul<\/strong> i skarpet; <strong>znakowania bielizny<\/strong>, <strong>stroj\u00f3w k\u0105pielowych<\/strong> i innych wysoce elastycznych lub g\u0119stych tkanin; oraz do pakowania artyku\u0142\u00f3w tekstylnych.<br \/>\nJedno opakowanie zawiera 10 000 mikropin\u00f3w.<br \/>\nWaga: 0,01 kg\/tys.<\/p>\n","protected":false},"excerpt":{"rendered":"<p>ORYGINALNE mikrozapinki nylonowe Avery Dennison<strong> 4,4 mm czarne<\/strong> &#8211; alternatywa dla metalowych zapinek; do pakowania koszul i delikatnych materia\u0142\u00f3w. Cena za pude\u0142ko 10 000 mikrozapinek (cena za tysi\u0105c od 2,62 &#8211; 3,75 EUR).<\/p>\n","protected":false},"featured_media":13628,"template":"","meta":[],"product_cat":[313],"product_tag":[],"_links":{"self":[{"href":"https:\/\/stularplus.com\/pl\/wp-json\/wp\/v2\/product\/13626"}],"collection":[{"href":"https:\/\/stularplus.com\/pl\/wp-json\/wp\/v2\/product"}],"about":[{"href":"https:\/\/stularplus.com\/pl\/wp-json\/wp\/v2\/types\/product"}],"wp:featuredmedia":[{"embeddable":true,"href":"https:\/\/stularplus.com\/pl\/wp-json\/wp\/v2\/media\/13628"}],"wp:attachment":[{"href":"https:\/\/stularplus.com\/pl\/wp-json\/wp\/v2\/media?parent=13626"}],"wp:term":[{"taxonomy":"product_cat","embeddable":true,"href":"https:\/\/stularplus.com\/pl\/wp-json\/wp\/v2\/product_cat?post=13626"},{"taxonomy":"product_tag","embeddable":true,"href":"https:\/\/stularplus.com\/pl\/wp-json\/wp\/v2\/product_tag?post=13626"}],"curies":[{"name":"wp","href":"https:\/\/api.w.org\/{rel}","templated":true}]}}