{"id":13672,"date":"2021-12-05T02:29:33","date_gmt":"2021-12-05T01:29:33","guid":{"rendered":"https:\/\/stularplus.com\/75mm-tag-easy-barrel-s-tach\/"},"modified":"2026-01-05T10:14:33","modified_gmt":"2026-01-05T09:14:33","slug":"75mm-tag-easy-barrel-s-tach","status":"publish","type":"product","link":"https:\/\/stularplus.com\/pl\/75mm-tag-easy-barrel-s-tach\/","title":{"rendered":"75mm Tag Easy Barrel S-Tach"},"content":{"rendered":"<p><strong>Ekonomiczne rozwi\u0105zanie<\/strong> do <strong>znakowania twardych towar\u00f3w<\/strong> lub szybkiego i bezpiecznego wi\u0105zania. <strong>Nie wymaga igie\u0142.<\/strong><\/p>\n<p>Idealne do znakowania but\u00f3w, okular\u00f3w, pask\u00f3w, rower\u00f3w itp. Szybkie, ekonomiczne i bezpieczne &#8211; operator po prostu wsuwa ko\u0144c\u00f3wk\u0119 zapinki do g\u0142\u00f3wki, uzyskuj\u0105c pewne zamkni\u0119cie bez narz\u0119dzi czy igie\u0142. Jedno pude\u0142ko zawiera 5000 zapinek.  <\/p>\n<p><strong>Zapinki Secur-a-tach<\/strong> s\u0105 szybkie, ekonomiczne i bezpieczne, co czyni je idealnym <strong>rozwi\u0105zaniem do znakowania twardych towar\u00f3w<\/strong>. Zastrze\u017cona technologia rozci\u0105gania Avery Dennison pozwala uzyska\u0107 mocniejsze i bardziej elastyczne zapinki o \u015bredniej wytrzyma\u0142o\u015bci na rozci\u0105ganie wynosz\u0105cej 3,6 kg. <\/p>\n<p><strong>Cena za pude\u0142ko 5000 szt.<\/strong><\/p>\n","protected":false},"excerpt":{"rendered":"<p>75 mm <b>TAG EASY BARREL S-TACH<\/b>. Idealne do znakowania but\u00f3w, twardych towar\u00f3w, plastiku, metalu, sk\u00f3ry, torebek, okular\u00f3w, pask\u00f3w, rower\u00f3w itp. S-Tach nie uszkadza produkt\u00f3w.  <\/p>\n<p>Cena za pude\u0142ko 5000 szt.<\/p>\n","protected":false},"featured_media":13678,"template":"","meta":[],"product_cat":[398],"product_tag":[],"_links":{"self":[{"href":"https:\/\/stularplus.com\/pl\/wp-json\/wp\/v2\/product\/13672"}],"collection":[{"href":"https:\/\/stularplus.com\/pl\/wp-json\/wp\/v2\/product"}],"about":[{"href":"https:\/\/stularplus.com\/pl\/wp-json\/wp\/v2\/types\/product"}],"wp:featuredmedia":[{"embeddable":true,"href":"https:\/\/stularplus.com\/pl\/wp-json\/wp\/v2\/media\/13678"}],"wp:attachment":[{"href":"https:\/\/stularplus.com\/pl\/wp-json\/wp\/v2\/media?parent=13672"}],"wp:term":[{"taxonomy":"product_cat","embeddable":true,"href":"https:\/\/stularplus.com\/pl\/wp-json\/wp\/v2\/product_cat?post=13672"},{"taxonomy":"product_tag","embeddable":true,"href":"https:\/\/stularplus.com\/pl\/wp-json\/wp\/v2\/product_tag?post=13672"}],"curies":[{"name":"wp","href":"https:\/\/api.w.org\/{rel}","templated":true}]}}