{"id":13687,"date":"2021-12-05T02:29:36","date_gmt":"2021-12-05T01:29:36","guid":{"rendered":"https:\/\/stularplus.com\/aplikator-etykiet-apn-100\/"},"modified":"2026-01-05T10:14:50","modified_gmt":"2026-01-05T09:14:50","slug":"aplikator-etykiet-apn-100","status":"publish","type":"product","link":"https:\/\/stularplus.com\/pl\/aplikator-etykiet-apn-100\/","title":{"rendered":"APLIKATOR ETYKIET APN-100"},"content":{"rendered":"<p><strong>Aplikatory etykiet TOWA<\/strong> mog\u0105 u\u017cywa\u0107 etykiet w rolkach, drukowanych etykiet z kodami kreskowymi oraz przewijanych rolek.<\/p>\n<p><strong>Aplikatory etykiet APN TOWA<\/strong> zwi\u0119kszaj\u0105 produktywno\u015b\u0107 i ka\u017cda firma u\u017cywaj\u0105ca etykiet mo\u017ce z nich skorzysta\u0107. Mog\u0105 by\u0107 u\u017cywane do nak\u0142adania etykiet adresowych w firmach logistycznych, aby odci\u0105\u017cy\u0107 codzienne prace etykietowania karton\u00f3w. <\/p>\n<p>Zosta\u0142y przyj\u0119te przez najwi\u0119ksze firmy transportowe do nak\u0142adania etykiet pocztowych na paczki. Obecnie ro\u015bnie zapotrzebowanie na informacje o produkcie, takie jak producent i miejsce produkcji w ramach identyfikowalno\u015bci. <\/p>\n<p>Wynika to z potrzeby ujawnienia miejsca produkcji, a <strong>TOWA APN<\/strong> szeroko pomaga w pracach etykietowania w przemy\u015ble. Nadaje si\u0119 do nak\u0142adania etykiet na owoce, warzywa, kwiaty, zbo\u017ca, ryby, owoce morza itp. w punkcie wysy\u0142ki z farm i port\u00f3w rybackich. <\/p>\n<p><strong>Aplikatory TOWA<\/strong> u\u017cywaj\u0105 specjalnie zaprojektowanego detektora kraw\u0119dzi zwanego &#8222;<strong>Mech-Sensor System<\/strong>&#8222;, kt\u00f3ry automatycznie wykrywa kraw\u0119d\u017a etykiety, zapewniaj\u0105c wysok\u0105 dok\u0142adno\u015b\u0107 nak\u0142adania. Mo\u017ce wykrywa\u0107 wysoko\u015b\u0107 etykiety od 18 mm do 60 mm bez regulacji. Dzi\u0119ki temu nie jest potrzebna mechaniczna regulacja przy r\u00f3\u017cnych rozmiarach etykiet.<br \/>\nNie s\u0105 wymagane otwory podawania, szczeliny ani znaki oka na linerze oddzielaj\u0105cym.  <\/p>\n<p><strong>D\u0142ugo\u015b\u0107 etykiety<\/strong>: 18 do 60 mm<br \/>\n<strong>Szeroko\u015b\u0107 etykiety<\/strong>: 50 do 100 mm<br \/>\nWymagana przerwa 2-3 mm mi\u0119dzy etykietami<br \/>\nMo\u017cna nak\u0142ada\u0107 etykiety o maksymalnej szeroko\u015bci 100 mm. Nie ma podobnego narz\u0119dzia na rynku. <\/p>\n<p><strong>Do etykiet o szeroko\u015bci 55-100 mm.<\/strong><\/p>\n","protected":false},"excerpt":{"rendered":"<p><b>Narz\u0119dzie do nak\u0142adania etykiet. <\/b>Do etykiet o szeroko\u015bci 55-100 mm. Prze\u0142omowe narz\u0119dzie do prostego i pewnego dozowania oraz nak\u0142adania etykiet kod\u00f3w kreskowych, etykiet og\u00f3lnych i plomb w rolce, obs\u0142ugiwane jak r\u0119czny etykieciarz. <\/p>\n","protected":false},"featured_media":13693,"template":"","meta":[],"product_cat":[303],"product_tag":[],"_links":{"self":[{"href":"https:\/\/stularplus.com\/pl\/wp-json\/wp\/v2\/product\/13687"}],"collection":[{"href":"https:\/\/stularplus.com\/pl\/wp-json\/wp\/v2\/product"}],"about":[{"href":"https:\/\/stularplus.com\/pl\/wp-json\/wp\/v2\/types\/product"}],"wp:featuredmedia":[{"embeddable":true,"href":"https:\/\/stularplus.com\/pl\/wp-json\/wp\/v2\/media\/13693"}],"wp:attachment":[{"href":"https:\/\/stularplus.com\/pl\/wp-json\/wp\/v2\/media?parent=13687"}],"wp:term":[{"taxonomy":"product_cat","embeddable":true,"href":"https:\/\/stularplus.com\/pl\/wp-json\/wp\/v2\/product_cat?post=13687"},{"taxonomy":"product_tag","embeddable":true,"href":"https:\/\/stularplus.com\/pl\/wp-json\/wp\/v2\/product_tag?post=13687"}],"curies":[{"name":"wp","href":"https:\/\/api.w.org\/{rel}","templated":true}]}}