{"id":13730,"date":"2021-12-05T02:29:36","date_gmt":"2021-12-05T01:29:36","guid":{"rendered":"https:\/\/stularplus.com\/225mm-tag-easy-barrel-s-tach\/"},"modified":"2026-01-05T10:15:56","modified_gmt":"2026-01-05T09:15:56","slug":"225mm-tag-easy-barrel-s-tach","status":"publish","type":"product","link":"https:\/\/stularplus.com\/pl\/225mm-tag-easy-barrel-s-tach\/","title":{"rendered":"225mm Tag Easy Barrel S-Tach"},"content":{"rendered":"<div class=\"elementor-element elementor-element-219ff3a elementor-widget elementor-widget-woocommerce-product-content\" data-id=\"219ff3a\" data-element_type=\"widget\" data-widget_type=\"woocommerce-product-content.default\">\n<div class=\"elementor-widget-container\">\n<p><strong>Ekonomiczne rozwi\u0105zanie<\/strong> do <strong>znakowania twardych towar\u00f3w<\/strong> lub szybkiego i bezpiecznego wi\u0105zania. <strong>Nie wymaga igie\u0142.<\/strong><\/p>\n<p>Idealne do znakowania but\u00f3w, okular\u00f3w, pask\u00f3w, rower\u00f3w itp. Szybkie, ekonomiczne i bezpieczne \u2013 operator po prostu wk\u0142ada ogon zapi\u0119cia do g\u0142\u00f3wki, aby uzyska\u0107 bezpieczne zamkni\u0119cie, znakuj\u0105c bez narz\u0119dzi czy igie\u0142. Jedna torba zawiera 5000 zapi\u0119\u0107.  <\/p>\n<p><strong>Zapi\u0119cia Secur-a-tach<\/strong> s\u0105 szybkie, ekonomiczne i bezpieczne, co czyni je <strong>idealnym rozwi\u0105zaniem do znakowania<\/strong> twardych towar\u00f3w. Zastrze\u017cona technologia rozci\u0105gania Avery Dennison wytwarza mocniejsze, bardziej elastyczne zapi\u0119cia o \u015bredniej wytrzyma\u0142o\u015bci na rozci\u0105ganie 8 funt\u00f3w. <\/p>\n<p>Cena za pude\u0142ko 5000 szt.<\/p>\n<\/div>\n<\/div>\n","protected":false},"excerpt":{"rendered":"<p>225 mm <b>TAG EASY BARREL S-TACH<\/b>. Idealne do znakowania but\u00f3w, twardych towar\u00f3w, plastiku, metalu, sk\u00f3ry, torebek, okular\u00f3w, pask\u00f3w, rower\u00f3w itp. Z S-Tach nie uszkadzasz produkt\u00f3w.  <\/p>\n<p>Cena za pude\u0142ko 5000 szt.<\/p>\n","protected":false},"featured_media":13731,"template":"","meta":[],"product_cat":[398],"product_tag":[],"_links":{"self":[{"href":"https:\/\/stularplus.com\/pl\/wp-json\/wp\/v2\/product\/13730"}],"collection":[{"href":"https:\/\/stularplus.com\/pl\/wp-json\/wp\/v2\/product"}],"about":[{"href":"https:\/\/stularplus.com\/pl\/wp-json\/wp\/v2\/types\/product"}],"wp:featuredmedia":[{"embeddable":true,"href":"https:\/\/stularplus.com\/pl\/wp-json\/wp\/v2\/media\/13731"}],"wp:attachment":[{"href":"https:\/\/stularplus.com\/pl\/wp-json\/wp\/v2\/media?parent=13730"}],"wp:term":[{"taxonomy":"product_cat","embeddable":true,"href":"https:\/\/stularplus.com\/pl\/wp-json\/wp\/v2\/product_cat?post=13730"},{"taxonomy":"product_tag","embeddable":true,"href":"https:\/\/stularplus.com\/pl\/wp-json\/wp\/v2\/product_tag?post=13730"}],"curies":[{"name":"wp","href":"https:\/\/api.w.org\/{rel}","templated":true}]}}