{"id":13741,"date":"2021-12-05T02:29:37","date_gmt":"2021-12-05T01:29:37","guid":{"rendered":"https:\/\/stularplus.com\/koszyk-flexi-27l-zielony\/"},"modified":"2026-01-05T10:16:34","modified_gmt":"2026-01-05T09:16:34","slug":"koszyk-flexi-27l-zielony","status":"publish","type":"product","link":"https:\/\/stularplus.com\/pl\/koszyk-flexi-27l-zielony\/","title":{"rendered":"Koszyk Flexi 27L Zielony"},"content":{"rendered":"<p>Flexi <strong>koszyki na zakupy<\/strong> s\u0105 wykonane z trwa\u0142ego twardego plastiku i s\u0105 <strong>odporne na uderzenia.<\/strong><br \/>\nNajnowszy i nowoczesny design <strong>koszyk\u00f3w na zakupy<\/strong> na rynku.<\/p>\n<p>G\u0142\u00f3wne cechy <strong>koszyka zakupowego Flexi<\/strong>:<\/p>\n<p>&#8211; Pojemno\u015b\u0107 27 litr\u00f3w<br \/>\n&#8211; Ergonomiczny, na\u015bladuje naturalny kszta\u0142t koszyka<br \/>\n&#8211; \u0141atwy w czyszczeniu i przechowywaniu na w\u00f3zku platformowym<br \/>\n&#8211; Miejsce na reklam\u0119<br \/>\n&#8211; Wytrzyma\u0142e tworzywo<br \/>\n&#8211; W 100% nadaje si\u0119 do recyklingu, poniewa\u017c jest wykonany z jednego materia\u0142u<br \/>\n&#8211; \u0141atwy w czyszczeniu<br \/>\n&#8211; Gwarancja: 1 rok<\/p>\n<p><strong>Dane techniczne:<\/strong><br \/>\n&#8211; Obj\u0119to\u015b\u0107: 27 litr\u00f3w<br \/>\n&#8211; Waga: 785 g<br \/>\n&#8211; Wymiary (mm): 510 x 350 x 273<\/p>\n<p><strong>RECYKLING<\/strong><br \/>\nElementy z recyklingu w naszych koszykach (od 10% do 60%) pochodz\u0105 z naszych starych koszyk\u00f3w.<br \/>\nStanowi to dodatkow\u0105 gwarancj\u0119 jako\u015bci i troski o \u015brodowisko.<\/p>\n<p><strong>Wyprodukowano w UE.<\/strong><\/p>\n","protected":false},"excerpt":{"rendered":"<p><b>Koszyk na zakupy Flexi<\/b> ZIELONY. Pojemno\u015b\u0107 27 litr\u00f3w. Najnowszy artystyczny design koszyka na zakupy na rynku.  <\/p>\n","protected":false},"featured_media":13744,"template":"","meta":[],"product_cat":[341],"product_tag":[],"_links":{"self":[{"href":"https:\/\/stularplus.com\/pl\/wp-json\/wp\/v2\/product\/13741"}],"collection":[{"href":"https:\/\/stularplus.com\/pl\/wp-json\/wp\/v2\/product"}],"about":[{"href":"https:\/\/stularplus.com\/pl\/wp-json\/wp\/v2\/types\/product"}],"wp:featuredmedia":[{"embeddable":true,"href":"https:\/\/stularplus.com\/pl\/wp-json\/wp\/v2\/media\/13744"}],"wp:attachment":[{"href":"https:\/\/stularplus.com\/pl\/wp-json\/wp\/v2\/media?parent=13741"}],"wp:term":[{"taxonomy":"product_cat","embeddable":true,"href":"https:\/\/stularplus.com\/pl\/wp-json\/wp\/v2\/product_cat?post=13741"},{"taxonomy":"product_tag","embeddable":true,"href":"https:\/\/stularplus.com\/pl\/wp-json\/wp\/v2\/product_tag?post=13741"}],"curies":[{"name":"wp","href":"https:\/\/api.w.org\/{rel}","templated":true}]}}