{"id":13781,"date":"2021-12-05T02:29:41","date_gmt":"2021-12-05T01:29:41","guid":{"rendered":"https:\/\/stularplus.com\/dwuliniowy-etykieciarz-reczny-108-cyfr-premium\/"},"modified":"2026-01-05T10:17:09","modified_gmt":"2026-01-05T09:17:09","slug":"dwuliniowy-etykieciarz-reczny-108-cyfr-premium","status":"publish","type":"product","link":"https:\/\/stularplus.com\/pl\/dwuliniowy-etykieciarz-reczny-108-cyfr-premium\/","title":{"rendered":"DWULINIOWY ETYKIECIARZ R\u0118CZNY &#8211; 10+8 Cyfr Premium"},"content":{"rendered":"<p><strong>Etykieciarz r\u0119czny Avery Dennison HL2\/18<\/strong><\/p>\n<p><strong>Pistolet do cen<\/strong> CAS2\/18 oferuje ergonomiczny, lekki design po\u0142\u0105czony z trwa\u0142o\u015bci\u0105 odpornych na uderzenia tworzyw sztucznych. Nasze <strong>r\u0119czne<\/strong> <strong>etykieciarze<\/strong> s\u0105 powszechnie u\u017cywane do <strong>oznaczania cen<\/strong>, przecen, ponownego oznaczania, <strong>kodowania dat<\/strong> i kontroli jako\u015bci. <\/p>\n<p>G\u00f3rna linia: cyfry<br \/>\nDolna linia: cyfry<\/p>\n<p>* 2-liniowy pistolet do cen &#8211; dat &#8211; kodowania<br \/>\n* 10 cyfr g\u00f3rna linia<br \/>\n* 8 cyfr dolna linia<br \/>\n* Popularne zastosowania: data, kodowanie i ceny w oddzielnych liniach<br \/>\n* G\u00f3rna linia z 10 pozycjami oznacza, \u017ce pistolet mo\u017ce oznacza\u0107 ceny od 1 do 999999,99 \u20ac.<br \/>\n* Dolna linia z 8 pozycjami oznacza, \u017ce pistolet mo\u017ce oznacza\u0107 ceny od 1 do 9999,99 \u20ac<br \/>\n* Opr\u00f3cz cyfr <strong>etykieciarz<\/strong> oferuje nast\u0119puj\u0105ce symbole: \u20ac, \u00a3, Kr, %, St, kg, g, Art.<br \/>\n* U\u017cywa prostok\u0105tnych etykiet cenowych 26 mm x 16 mm<br \/>\n* 1 rolka 1000 zwyk\u0142ych etykiet w zestawie<\/p>\n<p><strong>Cechy:<\/strong><\/p>\n<p><strong>Prostota<\/strong><\/p>\n<p>Etykieciarz r\u0119czny Avery Dennison CAS2\/18 jest bardzo \u0142atwy w obs\u0142udze. Wystarczy za\u0142adowa\u0107 etykiety, ustawi\u0107 cen\u0119 produktu i rozpocz\u0105\u0107 klikanie i naklejanie. <\/p>\n<p><strong>Przeno\u015bno\u015b\u0107<\/strong><\/p>\n<p>Pistolet do cen Avery Dennison CAS2\/18 jest bardzo lekki, poniewa\u017c wa\u017cy tylko 0,36 kg w pe\u0142ni za\u0142adowany. Dzi\u0119ki kompaktowej konstrukcji mo\u017cna go swobodnie przenosi\u0107 po sklepie i \u0142atwo u\u017cywa\u0107 w ca\u0142ym sklepie. <\/p>\n<p><strong>Wszechstronno\u015b\u0107<\/strong><\/p>\n<p><span id=\"result_box\" lang=\"en\"><span class=\"hps\">Etykieciarz r\u0119czny<\/span> <span class=\"hps\">Avery<\/span> <span class=\"hps\">Dennison<\/span> CAS2\/18 <span class=\"hps\">to wi\u0119cej ni\u017c tylko<\/span> <span class=\"hps\">oznaczanie<\/span> <span class=\"hps\">cen<\/span>. <span class=\"hps\">Mo\u017cna go u\u017cywa\u0107<\/span> <span class=\"hps\">do r\u00f3\u017cnych cel\u00f3w<\/span>, szybkich <span class=\"hps\">dzia\u0142a\u0144<\/span> <span class=\"hps\">na<\/span> <span class=\"hps\">p\u00f3\u0142kach<\/span> <span class=\"hps\">sklepowych<\/span> <span class=\"hps\">jak<\/span> <span class=\"hps\">ni\u017csze ceny<\/span>, ceny promocyjne, na przyk\u0142ad.<\/span><\/p>\n<p><strong>R\u00f3\u017cnorodno\u015b\u0107<\/strong><\/p>\n<p>Mo\u017cna <span id=\"result_box\" lang=\"en\"><span class=\"hps\">wybiera\u0107 z<\/span> <span class=\"hps\">naszej<\/span> <span class=\"hps\">szerokiej gamy<\/span> <span class=\"hps\">etykiet.<\/span> <span class=\"hps\">R\u00f3\u017cne kolory<\/span>, <span class=\"hps\">r\u00f3\u017cne zastosowania<\/span>, <span class=\"hps\">etykiety<\/span> usuwalne lub nieusuwalne <span class=\"hps\">tam<\/span> <span class=\"hps\">gdzie bezpiecze\u0144stwo jest wa\u017cne<\/span>, na przyk\u0142ad.<\/span><\/p>\n<p><strong>Niezawodno\u015b\u0107<\/strong><\/p>\n<p><span id=\"result_box\" lang=\"en\"><span class=\"hps\">Avery<\/span> <span class=\"hps\">Dennison<\/span> <span class=\"hps\">to marka<\/span> <span class=\"hps\">obecna<\/span> <span class=\"hps\">na \u015bwiatowym<\/span> <span class=\"hps\">rynku od<\/span> <span class=\"hps\">1960 roku.<\/span> <span class=\"hps\">Jest synonimem<\/span> <span class=\"hps\">jako\u015bci i<\/span> <span class=\"hps\">jest niezast\u0105piona<\/span> <span class=\"hps\">w bran\u017cy.<\/span><\/span><\/p>\n<p>Waga:<br \/>\n0,51 kg\/szt.<\/p>\n","protected":false},"excerpt":{"rendered":"<p>Avery Dennison <b>Dwuliniowy etykieciarz r\u0119czny<\/b> &#8211; 10+8 cyfr, obie linie cyfry. Te <g id=\"gid_1\">r\u0119czne etykieciarze do cen<\/g> s\u0105 powszechnie u\u017cywane do oznaczania cen, przecen, ponownego oznaczania, kodowania dat i kontroli jako\u015bci. Jako\u015b\u0107 premium.  <\/p>\n","protected":false},"featured_media":13786,"template":"","meta":[],"product_cat":[399],"product_tag":[],"_links":{"self":[{"href":"https:\/\/stularplus.com\/pl\/wp-json\/wp\/v2\/product\/13781"}],"collection":[{"href":"https:\/\/stularplus.com\/pl\/wp-json\/wp\/v2\/product"}],"about":[{"href":"https:\/\/stularplus.com\/pl\/wp-json\/wp\/v2\/types\/product"}],"wp:featuredmedia":[{"embeddable":true,"href":"https:\/\/stularplus.com\/pl\/wp-json\/wp\/v2\/media\/13786"}],"wp:attachment":[{"href":"https:\/\/stularplus.com\/pl\/wp-json\/wp\/v2\/media?parent=13781"}],"wp:term":[{"taxonomy":"product_cat","embeddable":true,"href":"https:\/\/stularplus.com\/pl\/wp-json\/wp\/v2\/product_cat?post=13781"},{"taxonomy":"product_tag","embeddable":true,"href":"https:\/\/stularplus.com\/pl\/wp-json\/wp\/v2\/product_tag?post=13781"}],"curies":[{"name":"wp","href":"https:\/\/api.w.org\/{rel}","templated":true}]}}