{"id":13814,"date":"2021-12-05T02:29:41","date_gmt":"2021-12-05T01:29:41","guid":{"rendered":"https:\/\/stularplus.com\/etykiety-jednoliniowe-biale-26x12mm\/"},"modified":"2026-01-05T10:17:21","modified_gmt":"2026-01-05T09:17:21","slug":"etykiety-jednoliniowe-biale-26x12mm","status":"publish","type":"product","link":"https:\/\/stularplus.com\/pl\/etykiety-jednoliniowe-biale-26x12mm\/","title":{"rendered":"ETYKIETY, jednoliniowe bia\u0142e 26x12mm"},"content":{"rendered":"<p>Wysokiej jako\u015bci <strong>etykiety<\/strong> s\u0105 produkowane we W\u0142oszech. <strong>Etykiety<\/strong> do jednoliniowej <strong>metkowniczki CAS1\/8<\/strong>. Etykiety s\u0105 powszechnie u\u017cywane do oznaczania cen, przecen, ponownego oznaczania, kodowania dat i kontroli jako\u015bci. <\/p>\n<p>Rolka zawiera: 1.000 szt. etykiet<br \/>\nWymiary: 26&#215;12 mm<br \/>\nKolor: bia\u0142y<\/p>\n<p><strong>Skorzystaj z rabat\u00f3w ilo\u015bciowych!<\/strong><\/p>\n","protected":false},"excerpt":{"rendered":"<p><b>Bia\u0142e etykiety<\/b> 26x12mm, permanentne, do jednoliniowych metkowniczek. Wysokiej jako\u015bci etykiety produkowane we W\u0142oszech. <g id=\"gid_1\">Etykiety<\/g> s\u0105 przeznaczone do jednoliniowej metkowniczki. Cena za jedn\u0105 rolk\u0119 (1.000 szt. etykiet).  <\/p>\n","protected":false},"featured_media":13815,"template":"","meta":[],"product_cat":[324],"product_tag":[],"_links":{"self":[{"href":"https:\/\/stularplus.com\/pl\/wp-json\/wp\/v2\/product\/13814"}],"collection":[{"href":"https:\/\/stularplus.com\/pl\/wp-json\/wp\/v2\/product"}],"about":[{"href":"https:\/\/stularplus.com\/pl\/wp-json\/wp\/v2\/types\/product"}],"wp:featuredmedia":[{"embeddable":true,"href":"https:\/\/stularplus.com\/pl\/wp-json\/wp\/v2\/media\/13815"}],"wp:attachment":[{"href":"https:\/\/stularplus.com\/pl\/wp-json\/wp\/v2\/media?parent=13814"}],"wp:term":[{"taxonomy":"product_cat","embeddable":true,"href":"https:\/\/stularplus.com\/pl\/wp-json\/wp\/v2\/product_cat?post=13814"},{"taxonomy":"product_tag","embeddable":true,"href":"https:\/\/stularplus.com\/pl\/wp-json\/wp\/v2\/product_tag?post=13814"}],"curies":[{"name":"wp","href":"https:\/\/api.w.org\/{rel}","templated":true}]}}