{"id":13830,"date":"2021-12-05T02:29:51","date_gmt":"2021-12-05T01:29:51","guid":{"rendered":"https:\/\/stularplus.com\/biodegradowalne-laczniki-ecotach-std-40mm\/"},"modified":"2026-01-05T10:17:48","modified_gmt":"2026-01-05T09:17:48","slug":"biodegradowalne-laczniki-ecotach-std-40mm","status":"publish","type":"product","link":"https:\/\/stularplus.com\/pl\/biodegradowalne-laczniki-ecotach-std-40mm\/","title":{"rendered":"Biodegradowalne \u0142\u0105czniki EcoTach STD 40MM"},"content":{"rendered":"<p><strong>ZR\u00d3WNOWA\u017bONE ROZWI\u0104ZANIE DO ZNAKOWANIA ODZIE\u017bY<\/strong><\/p>\n<p><em>Ograniczanie ma\u0142ych odpad\u00f3w plastikowych ma takie samo znaczenie jak ograniczanie du\u017cych odpad\u00f3w.<\/em><\/p>\n<p>Nasz partner <strong>Avery Dennison<\/strong> przedstawia <strong>ECOTACH<\/strong>\u2122. <strong>Biodegradowalne \u0142\u0105czniki (bio-PP)<\/strong> spe\u0142niaj\u0105 potrzeby ekologicznie \u015bwiadomych sprzedawc\u00f3w detalicznych, w\u0142a\u015bcicieli marek, producent\u00f3w i konsument\u00f3w, kt\u00f3rzy chc\u0105 zmniejszy\u0107 sw\u00f3j wp\u0142yw na \u015brodowisko.<\/p>\n<p><strong>\u0141\u0105czniki Ecotach<\/strong>\u2122 bio-PP to pierwsza tego rodzaju innowacja na \u015bwiecie, kt\u00f3ra pomo\u017ce zmniejszy\u0107 ilo\u015b\u0107 jednorazowego plastiku trafiaj\u0105cego do \u015brodowiska. Nowy \u0142\u0105cznik bio-PP jest wykonany z zastrze\u017conej mieszanki materia\u0142u polipropylenowego, specjalnie zaprojektowanego do biodegradacji w mniej ni\u017c rok po znalezieniu si\u0119 w glebie, bez pozostawiania szkodliwych substancji. <\/p>\n<p>Zastosowana technologia skutkuje <strong>brakiem mikroplastik\u00f3w<\/strong>, wi\u0119c gdy \u0142\u0105cznik si\u0119 rozk\u0142ada, pozostaje tylko dwutlenek w\u0119gla, woda i mikroby (biomasa).<\/p>\n<p><strong>WZORZYSTE I KONCERTOWANE<\/strong><\/p>\n<p><strong>Biodegradowalne \u0142\u0105czniki Ecotach<\/strong> (bio-PP) posiadaj\u0105 certyfikat 100% biodegradowalno\u015bci i s\u0105 zgodne z norm\u0105 ISO 14021:2016. <\/p>\n<p><em><strong>Nowa technologia umo\u017cliwiaj\u0105ca rozk\u0142ad \u0142\u0105cznik\u00f3w po roku ekspozycji w glebie.<\/strong><\/em><\/p>\n<p><strong>\u0141\u0104CZNIKI ECOTACH\u2122 BIO-PP<\/strong><\/p>\n<p>\u2022 Rozk\u0142adane przez naturalnie wyst\u0119puj\u0105ce bakterie.<\/p>\n<p>\u2022 Natura mo\u017ce ponownie wej\u015b\u0107 w interakcj\u0119 z produktem w \u015brodowisku poprzez cztery naturalne czynniki rozk\u0142adu \u2013 \u015bwiat\u0142o, powietrze, wilgo\u0107 i mikroby.<\/p>\n<p>\u2022 Zastosowana technologia nie powoduje powstawania mikroplastik\u00f3w. Pozostaje tylko dwutlenek w\u0119gla, woda i mikroby (biomasa). <\/p>\n<p>\u2022 Dzi\u0119ki tej technologii mo\u017cemy wykaza\u0107 pe\u0142n\u0105 biodegradacj\u0119 \u0142\u0105cznik\u00f3w polipropylenowych w ci\u0105gu roku w warunkach glebowych<\/p>\n<p>Czy wiesz, \u017ce rocznie produkuje si\u0119 80 miliard\u00f3w sztuk odzie\u017cy, 90% z nich ma jednorazowe plastikowe zapi\u0119cie, co skutkuje produkcj\u0105 72 miliard\u00f3w plastikowych zapi\u0119\u0107 rocznie dla przemys\u0142u odzie\u017cowego.<\/p>\n<p><strong>CZAS WSPIERA\u0106 T\u0118 PRZE\u0141OMOW\u0104 ZMIAN\u0118 W \u015aWIECIE ZNAKOWANIA.<\/strong><\/p>\n<p>Wybierz najlepsz\u0105 zr\u00f3wnowa\u017con\u0105 metod\u0119 znakowania, u\u017cywaj\u0105c biodegradowalnych \u0142\u0105cznik\u00f3w i energooszcz\u0119dnych maszyn znakuj\u0105cych Tagson!<\/p>\n","protected":false},"excerpt":{"rendered":"<p><b>Pierwsze na \u015bwiecie 100% biodegradowalne STANDARDOWE \u0142\u0105czniki do tkanin<\/b>. Zmniejsz wp\u0142yw na \u015brodowisko, wybieraj\u0105c biodegradowalne \u0142\u0105czniki. Cena za pude\u0142ko 5000 sztuk.  <\/p>\n","protected":false},"featured_media":13832,"template":"","meta":[],"product_cat":[287],"product_tag":[],"_links":{"self":[{"href":"https:\/\/stularplus.com\/pl\/wp-json\/wp\/v2\/product\/13830"}],"collection":[{"href":"https:\/\/stularplus.com\/pl\/wp-json\/wp\/v2\/product"}],"about":[{"href":"https:\/\/stularplus.com\/pl\/wp-json\/wp\/v2\/types\/product"}],"wp:featuredmedia":[{"embeddable":true,"href":"https:\/\/stularplus.com\/pl\/wp-json\/wp\/v2\/media\/13832"}],"wp:attachment":[{"href":"https:\/\/stularplus.com\/pl\/wp-json\/wp\/v2\/media?parent=13830"}],"wp:term":[{"taxonomy":"product_cat","embeddable":true,"href":"https:\/\/stularplus.com\/pl\/wp-json\/wp\/v2\/product_cat?post=13830"},{"taxonomy":"product_tag","embeddable":true,"href":"https:\/\/stularplus.com\/pl\/wp-json\/wp\/v2\/product_tag?post=13830"}],"curies":[{"name":"wp","href":"https:\/\/api.w.org\/{rel}","templated":true}]}}