{"id":13874,"date":"2021-12-05T02:29:51","date_gmt":"2021-12-05T01:29:51","guid":{"rendered":"https:\/\/stularplus.com\/aplikator-promocyjny-sato\/"},"modified":"2026-01-05T10:18:28","modified_gmt":"2026-01-05T09:18:28","slug":"aplikator-promocyjny-sato","status":"publish","type":"product","link":"https:\/\/stularplus.com\/pl\/aplikator-promocyjny-sato\/","title":{"rendered":"Aplikator promocyjny SATO"},"content":{"rendered":"<p>Urz\u0105dzenie r\u0119czne <strong>SATO SP 33<\/strong> to \u015bwietne rozwi\u0105zanie do <strong>nak\u0142adania etykiet promocyjnych<\/strong>, kt\u00f3re umo\u017cliwia \u0142atwe oznaczanie produkt\u00f3w etykietami. Doskona\u0142e rozwi\u0105zanie, gdy konieczne jest \u0142atwe i <strong>szybkie oznaczenie<\/strong> du\u017cej liczby <strong>towar\u00f3w przecenionych<\/strong>. <\/p>\n<p><strong>Gdy r\u0119czne etykietowanie zajmuje zbyt du\u017co czasu, pora na aplikator Sato.<\/strong><\/p>\n<p>W wielu sklepach niekt\u00f3re produkty wymagaj\u0105 oznaczenia rabatami przed up\u0142ywem terminu wa\u017cno\u015bci lub w celu promocji sprzeda\u017cy. Etykiety rabatowe s\u0105 naklejane zar\u00f3wno na produkty spo\u017cywcze, jak i niespo\u017cywcze. Poniewa\u017c rabaty na produktach s\u0105 r\u00f3\u017cne, konieczna jest mo\u017cliwo\u015b\u0107 szybkiej zmiany etykiet w aplikatorze.  <\/p>\n<p>Umo\u017cliwiaj\u0105 to dodatkowe &#8222;kartrid\u017ce etykiet&#8221;, kt\u00f3re zawieraj\u0105 ju\u017c za\u0142adowane etykiety, a zmiana kartrid\u017cy w systemie &#8222;Click &amp; Press&#8221; jest jeszcze szybsza.<\/p>\n<p><strong>Szybkie i \u0142atwe etykietowanie produkt\u00f3w przecenionych.<\/strong><\/p>\n<p><strong>OFERTA ETYKIET:<\/strong><\/p>\n<p>Oferujemy rolki zawieraj\u0105ce 650 naklejek z r\u00f3\u017cnymi rabatami. Opr\u00f3cz klasycznych rabat\u00f3w mamy mo\u017cliwo\u015b\u0107 wydruku etykiet wed\u0142ug Pa\u0144stwa wyboru. <\/p>\n<p>-10%, -20%, -30%, -40%, -50%, -60%, -70%<\/p>\n<p><strong>Zwi\u0119ksz produktywno\u015b\u0107<\/strong> w swojej firmie, magazynach, logistyce itp. dzi\u0119ki aplikatorom SATO.<\/p>\n","protected":false},"excerpt":{"rendered":"<p>R\u0119czny aplikator <strong>do nak\u0142adania etykiet rabatowych na produkty<\/strong>. Odpowiedni do wszystkich rodzaj\u00f3w artyku\u0142\u00f3w wymagaj\u0105cych oznaczenia dowolnym rabatem. Szybkie i ergonomiczne rozwi\u0105zanie zwi\u0119ksza produktywno\u015b\u0107 w Twoim sklepie.  <\/p>\n","protected":false},"featured_media":13878,"template":"","meta":[],"product_cat":[303],"product_tag":[],"_links":{"self":[{"href":"https:\/\/stularplus.com\/pl\/wp-json\/wp\/v2\/product\/13874"}],"collection":[{"href":"https:\/\/stularplus.com\/pl\/wp-json\/wp\/v2\/product"}],"about":[{"href":"https:\/\/stularplus.com\/pl\/wp-json\/wp\/v2\/types\/product"}],"wp:featuredmedia":[{"embeddable":true,"href":"https:\/\/stularplus.com\/pl\/wp-json\/wp\/v2\/media\/13878"}],"wp:attachment":[{"href":"https:\/\/stularplus.com\/pl\/wp-json\/wp\/v2\/media?parent=13874"}],"wp:term":[{"taxonomy":"product_cat","embeddable":true,"href":"https:\/\/stularplus.com\/pl\/wp-json\/wp\/v2\/product_cat?post=13874"},{"taxonomy":"product_tag","embeddable":true,"href":"https:\/\/stularplus.com\/pl\/wp-json\/wp\/v2\/product_tag?post=13874"}],"curies":[{"name":"wp","href":"https:\/\/api.w.org\/{rel}","templated":true}]}}