{"id":13875,"date":"2021-12-05T02:29:51","date_gmt":"2021-12-05T01:29:51","guid":{"rendered":"https:\/\/stularplus.com\/kaseta-do-aplikatora-sato\/"},"modified":"2026-01-05T10:18:28","modified_gmt":"2026-01-05T09:18:28","slug":"kaseta-do-aplikatora-sato","status":"publish","type":"product","link":"https:\/\/stularplus.com\/pl\/kaseta-do-aplikatora-sato\/","title":{"rendered":"Kaseta do aplikatora SATO"},"content":{"rendered":"<p>Przy zakupie aplikatora SATO zalecamy kupno kaset dla ka\u017cdej promocji osobno. Dzi\u0119ki temu wymiana etykiet promocyjnych zostanie wykonana w kilka sekund, co zwi\u0119kszy produktywno\u015b\u0107. Aby szybko zmienia\u0107 etykiety promocyjne, zaopatrz si\u0119 w dodatkowe kasety do <strong>aplikatora SATO promo Touch 33<\/strong>.  <\/p>\n","protected":false},"excerpt":{"rendered":"<p>Dodatkowa kaseta na etykiety. Aby szybko zmienia\u0107 etykiety promocyjne, zaopatrz si\u0119 w dodatkowe kasety do <strong>aplikatora SATO promo Touch 33<\/strong>. <\/p>\n","protected":false},"featured_media":13876,"template":"","meta":[],"product_cat":[303],"product_tag":[],"_links":{"self":[{"href":"https:\/\/stularplus.com\/pl\/wp-json\/wp\/v2\/product\/13875"}],"collection":[{"href":"https:\/\/stularplus.com\/pl\/wp-json\/wp\/v2\/product"}],"about":[{"href":"https:\/\/stularplus.com\/pl\/wp-json\/wp\/v2\/types\/product"}],"wp:featuredmedia":[{"embeddable":true,"href":"https:\/\/stularplus.com\/pl\/wp-json\/wp\/v2\/media\/13876"}],"wp:attachment":[{"href":"https:\/\/stularplus.com\/pl\/wp-json\/wp\/v2\/media?parent=13875"}],"wp:term":[{"taxonomy":"product_cat","embeddable":true,"href":"https:\/\/stularplus.com\/pl\/wp-json\/wp\/v2\/product_cat?post=13875"},{"taxonomy":"product_tag","embeddable":true,"href":"https:\/\/stularplus.com\/pl\/wp-json\/wp\/v2\/product_tag?post=13875"}],"curies":[{"name":"wp","href":"https:\/\/api.w.org\/{rel}","templated":true}]}}